{"id":360,"date":"2024-07-10T14:33:09","date_gmt":"2024-07-10T14:33:09","guid":{"rendered":"https:\/\/nutricionlia.com\/politica-de-cookies\/"},"modified":"2025-09-12T21:25:46","modified_gmt":"2025-09-12T21:25:46","slug":"politica-de-galetes","status":"publish","type":"page","link":"https:\/\/nutricionlia.com\/ca\/politica-de-galetes\/","title":{"rendered":"Pol\u00edtica de galetes"},"content":{"rendered":"<section class=\"text_content_text_1_1 background-1-light\" data-block-id=\"69e3b609488cc69e3b609488cd\" data-block-name=\"acf\/textcontent-1-1\" data-post-id=\"360\" data-stable-id=\"block_a55b173ff27f28a8650ec6bd9fb8f01e\">\r\n    <div class=\"container\">\r\n        <div class=\"row\">\r\n            <div class=\"col\">\r\n                <div class=\"content-theme\">\r\n                                        <div class=\"texto color-1-headings-dark tamano7\">\r\n                        <h2 style='text-align: center'>POL\u00cdTICA DE COOKIES <br \/>\n        https:\/\/nutricionlia.com\/ca\/<\/h2>\n<p>        &nbsp;<\/p>\n<p>\n        L&#8217;acc\u00e9s a aquest lloc web pot implicar l&#8217;\u00fas de cookies. Les cookies s\u00f3n petites quantitats d&#8217;informaci\u00f3 que s&#8217;emmagatzemen al navegador utilitzat per cada Usuari \u2014en els diferents dispositius que pugui utilitzar per navegar\u2014 perqu\u00e8 el servidor recordi certa informaci\u00f3 que posteriorment i \u00fanicament el servidor que la implement\u00e0 llegir\u00e0. Les cookies faciliten la navegaci\u00f3, la fan m\u00e9s amigable i no fan malb\u00e9 el dispositiu de navegaci\u00f3.<\/p>\n<p>\n        Les cookies s\u00f3n procediments autom\u00e0tics de recollida d&#8217;informaci\u00f3 relativa a les prefer\u00e8ncies determinades per l&#8217;Usuari durant la seva visita al lloc web amb la finalitat de recon\u00e8ixer-lo com a Usuari i personalitzar la seva experi\u00e8ncia i l&#8217;\u00fas del lloc web, i poden tamb\u00e9, per exemple, ajudar a identificar i resoldre errors.\n        <\/p>\n<p>\n        La informaci\u00f3 recaptada a trav\u00e9s de les cookies pot incloure la data i hora de visites al lloc web, les p\u00e0gines visionades, el temps que ha estat al lloc web i els llocs visitats just abans i despr\u00e9s del mateix. Tanmateix, cap cookie permet que aquesta mateixa pugui contactar-se amb el n\u00famero de tel\u00e8fon de l&#8217;Usuari o amb qualsevol altre mitj\u00e0 de contacte personal. Cap cookie pot extreure informaci\u00f3 del disc dur de l&#8217;Usuari o robar informaci\u00f3 personal. L&#8217;\u00fanica manera perqu\u00e8 la informaci\u00f3 privada de l&#8217;Usuari formi part de l&#8217;arxiu Cookie \u00e9s que l&#8217;usuari doni personalment aquesta informaci\u00f3 al servidor.<\/p>\n<p>\n        Les cookies que permeten identificar una persona es consideren dades personals. Per tant, a les mateixes els ser\u00e0 d&#8217;aplicaci\u00f3 la Pol\u00edtica de Privacitat anteriorment descrita. En aquest sentit, per a la utilitzaci\u00f3 de les mateixes ser\u00e0 necessari el consentiment de l&#8217;Usuari. Aquest consentiment ser\u00e0 comunicat, en base a una elecci\u00f3 aut\u00e8ntica, ofert mitjan\u00e7ant una decisi\u00f3 afirmativa i positiva, abans del tractament inicial, removible i documentat.<\/p>\n<p>        &nbsp;<\/p>\n<h4>Cookies pr\u00f2pies<\/h4>\n<p>\n        S\u00f3n aquelles cookies que s\u00f3n enviades a l&#8217;ordinador o dispositiu de l&#8217;Usuari i gestionades exclusivament per Blog de  per al millor funcionament del lloc web. La informaci\u00f3 que es recull s&#8217;empra per millorar la qualitat del lloc web i el seu contingut i la seva experi\u00e8ncia com a Usuari. Aquestes cookies permeten recon\u00e8ixer l&#8217;Usuari com a visitant recurrent del lloc web i adaptar el contingut per oferir-li continguts que s&#8217;ajustin a les seves prefer\u00e8ncies.<\/p>\n<p>        &nbsp;<\/p>\n<h4>Cookies de tercers<\/h4>\n<p>\n        S\u00f3n cookies utilitzades i gestionades per entitats externes que proporcionen a Blog de  serveis sol\u00b7licitats per aquest mateix per millorar el lloc web i l&#8217;experi\u00e8ncia de l&#8217;usuari en navegar pel lloc web. Els principals objectius per als quals s&#8217;utilitzen cookies de tercers s\u00f3n l&#8217;obtenci\u00f3 d&#8217;estad\u00edstiques d&#8217;acc\u00e9s i analitzar la informaci\u00f3 de la navegaci\u00f3, \u00e9s a dir, com interactua l&#8217;Usuari amb el lloc web.<\/p>\n<p>\n        La informaci\u00f3 que s&#8217;obt\u00e9 es refereix, per exemple, al nombre de p\u00e0gines visitades, l&#8217;idioma, el lloc a la qual l&#8217;adre\u00e7a IP des de la qual accedeix l&#8217;Usuari, el nombre d&#8217;Usuaris que accedeixen, la freq\u00fc\u00e8ncia i reincid\u00e8ncia de les visites, el temps de visita, el navegador que utilitzen, l&#8217;operador o tipus de dispositiu des del qual es realitza la visita. Aquesta informaci\u00f3 s&#8217;usa per millorar el lloc web, i detectar noves necessitats per oferir als Usuaris un Contingut i\/o servei d&#8217;\u00f2ptima qualitat. En tot cas, la informaci\u00f3 es recull de forma an\u00f2nima i es llavors d&#8217;informes de tend\u00e8ncies del lloc web sense identificar usuaris individuals.<\/p>\n<p>\n        Pot obtenir m\u00e9s informaci\u00f3 sobre les cookies, la informaci\u00f3 sobre la privacitat, o consultar la descripci\u00f3 del tipus de cookies que s&#8217;utilitza, les seves principals caracter\u00edstiques, per\u00edode d&#8217;expiraci\u00f3, etc. en el\/els seg\u00fcent\/s vincle\/s:\n        <\/p>\n<p>\n        La\/s entitat\/s encarregada\/s del subministrament de cookies podr\u00e0\/n cedir aquesta informaci\u00f3 a tercers, sempre que ho exigeixi la llei o sigui un tercer el que processi aquesta informaci\u00f3 per a aquestes entitats.\n        <\/p>\n<p>        &nbsp;<\/p>\n<h4>\n        Cookies de xarxes socials<\/h4>\n<p>\n        Blog de  incorpora plugins de xarxes socials, que permeten accedir a les mateixes a partir del lloc web. Per aquesta ra\u00f3, les cookies de xarxes socials poden emmagatzemar-se al navegador de l&#8217;Usuari. Els titulars de dites xarxes socials disposen de les seves pr\u00f2pies pol\u00edtiques de protecci\u00f3 de dades i de cookies, sent ells mateixos, en cada cas, responsables dels seus propis arxius i de les seves pr\u00f2pies pr\u00e0ctiques de privacitat. L&#8217;Usuari ha de referir-se a les mateixes per informar-se sobre aquestes cookies i, si escau, del tractament de les seves dades personals. \u00danicament a t\u00edtol informatiu s&#8217;indiquen a continuaci\u00f3 els vincles en els quals es poden consultar aquestes pol\u00edtiques de privacitat i\/o de cookies:<\/p>\n<ul>\n<li>Facebook: <a href='https:\/\/www.facebook.com\/policies\/cookies\/'>https:\/\/www.facebook.com\/policies\/cookies\/<\/a><\/li>\n<li>Twitter: <a href='https:\/\/twitter.com\/es\/privacy'>https:\/\/twitter.com\/es\/privacy<\/a><\/li>\n<li>Instagram: <a href='https:\/\/help.instagram.com\/1896641480634370?ref=ig'>https:\/\/help.instagram.com\/1896641480634370?ref=ig<\/a><\/li>\n<li>YouTube: <a href='https:\/\/policies.google.com\/privacy?hl=es-419&amp;gl=mx'>https:\/\/policies.google.com\/privacy?hl=es-419&amp;gl=mx<\/a><\/li>\n<li>Pinterest: <a href='https:\/\/policy.pinterest.com\/es\/privacy-policy'>https:\/\/policy.pinterest.com\/es\/privacy-policy<\/a><\/li>\n<li>LinkedIn: <a href='https:\/\/www.linkedin.com\/legal\/cookie-policy?trk=hp-cookies'>https:\/\/www.linkedin.com\/legal\/cookie-policy?trk=hp-cookies<\/a><\/li>\n<li>Deshabilitar, refusar i eliminar cookies<\/li>\n<\/ul>\n<p>\n        L&#8217;Usuari pot deshabilitar, refusar i eliminar les cookies \u2014total o parcialment\u2014 instal\u00b7lades al seu dispositiu mitjan\u00e7ant la configuraci\u00f3 del seu navegador (entre els quals es troben, per exemple, Chrome, Firefox, Safari, Explorer). En aquest sentit, els procediments per refusar i eliminar les cookies poden diferir d&#8217;un navegador d&#8217;Internet a un altre. En conseq\u00fc\u00e8ncia, l&#8217;Usuari ha d&#8217;acudir a les instruccions facilitades pel mateix navegador d&#8217;Internet que estigui utilitzant. En el sup\u00f2sit que refus\u00ed l&#8217;\u00fas de cookies \u2014total o parcialment\u2014 podr\u00e0 continuar fent servir el lloc web, si b\u00e9 podr\u00e0 tenir limitada la utilitzaci\u00f3 d&#8217;algunes de les prestacions del mateix.<\/p>\n<p>\n        Aquest document de Pol\u00edtica de Cookies ha estat creat mitjan\u00e7ant el generador de plantilla de pol\u00edtica de cookies web gratu\u00eft en l\u00ednia el dia 18\/02\/2024.\n        <\/p>\n                    <\/div>\r\n                                    <\/div>\r\n            <\/div>\r\n        <\/div>\r\n    <\/div>\r\n<\/section>\r\n<style>\r\n    .text_content_text_1_1 h1 {\r\n        padding-bottom: 60px;\r\n        font-size: var(--tamano1-font-size);\r\n        font-weight: var(--tamano1-font-weight);\r\n        line-height: var(--tamano1-line-height);\r\n        letter-spacing: var(--tamano1-letter-spacing);\r\n        font-family: var(--tamano1-font-family);\r\n        color: var(--color-2-headings-dark);\r\n    }\r\n\r\n    .text_content_text_1_1 h2 {\r\n        padding-bottom: 60px;\r\n        font-size: var(--tamano2-font-size);\r\n        font-weight: var(--tamano2-font-weight);\r\n        line-height: var(--tamano2-line-height);\r\n        letter-spacing: var(--tamano2-letter-spacing);\r\n        font-family: var(--tamano2-font-family);\r\n        color: var(--color-2-headings-dark);\r\n    }\r\n\r\n    .text_content_text_1_1 h3 {\r\n        padding-bottom: 60px;\r\n        font-size: var(--tamano3-font-size);\r\n        font-weight: var(--tamano3-font-weight);\r\n        line-height: var(--tamano3-line-height);\r\n        letter-spacing: var(--tamano3-letter-spacing);\r\n        font-family: var(--tamano3-font-family);\r\n        color: var(--color-2-headings-dark);\r\n    }\r\n\r\n    .text_content_text_1_1 h4 {\r\n        padding-bottom: 60px;\r\n        font-size: var(--tamano4-font-size);\r\n        font-weight: var(--tamano4-font-weight);\r\n        line-height: var(--tamano4-line-height);\r\n        letter-spacing: var(--tamano4-letter-spacing);\r\n        font-family: var(--tamano4-font-family);\r\n        color: var(--color-2-headings-dark);\r\n    }\r\n\r\n    .text_content_text_1_1 ul,\r\n    .text_content_text_1_1 ol {\r\n        padding-left: 20px;\r\n    }\r\n\r\n    .text_content_text_1_1 .row .col {\r\n        padding-top: 75px;\r\n        width: 100%;\r\n    }\r\n\r\n\r\n    .text_content_text_1_1 .texto {\r\n        margin-bottom: 50px;\r\n    }\r\n\r\n    .text_content_text_1_1 .texto * {\r\n        padding-bottom: 20px;\r\n    }\r\n\r\n\r\n    .text_content_text_1_1 .row {\r\n        display: flex;\r\n        gap: 0px;\r\n    }\r\n\r\n    .text_content_text_1_1 {\r\n        position: relative;\r\n        background-position: center;\r\n        background-repeat: no-repeat;\r\n        background-size: cover;\r\n        padding: 81px 150px;\r\n        margin-top: -1px;\r\n    }\r\n\r\n    @media (max-width:1750px) {\r\n        .text_content_text_1_1 .row {\r\n            gap: 100px;\r\n        }\r\n    }\r\n\r\n    @media (max-width:1550px) {\r\n        .text_content_text_1_1 {\r\n            padding-left: 50px;\r\n            padding-right: 50px;\r\n        }\r\n    }\r\n\r\n    @media (max-width:1350px) {\r\n        .text_content_text_1_1 .row {\r\n            gap: 30px;\r\n        }\r\n    }\r\n\r\n    @media (max-width:1200px) {\r\n        .text_content_text_1_1 {\r\n            padding-left: 0;\r\n            padding-right: 0;\r\n        }\r\n    }\r\n\r\n    @media (max-width:992px) {\r\n        .text_content_text_1_1 .row .col-left {\r\n            padding-top: 0;\r\n            max-width: 100%;\r\n        }\r\n\r\n        .text_content_text_1_1 .texto {\r\n            margin-bottom: 35px;\r\n        }\r\n\r\n        .text_content_text_1_1 h2 {\r\n            padding-bottom: 40px;\r\n        }\r\n\r\n        .text_content_text_1_1 {\r\n            padding: 40px 0;\r\n        }\r\n\r\n        .text_content_text_1_1 h1 {\r\n            font-size: var(--tamano1-font-size-mobile);\r\n        }\r\n\r\n        .text_content_text_1_1 h2 {\r\n            font-size: var(--tamano2-font-size-mobile);\r\n        }\r\n\r\n        .text_content_text_1_1 h3 {\r\n            font-size: var(--tamano3-font-size-mobile);\r\n        }\r\n\r\n        .text_content_text_1_1 h4 {\r\n            font-size: var(--tamano4-font-size-mobile);\r\n        }\r\n    }\r\n<\/style>\r\n","protected":false},"excerpt":{"rendered":"","protected":false},"author":0,"featured_media":0,"parent":0,"menu_order":0,"comment_status":"open","ping_status":"closed","template":"","meta":{"_acf_changed":false,"iawp_total_views":2,"footnotes":""},"class_list":["post-360","page","type-page","status-publish","hentry"],"acf":[],"yoast_head":"<!-- This site is optimized with the Yoast SEO plugin v27.4 - https:\/\/yoast.com\/product\/yoast-seo-wordpress\/ -->\n<title>Pol\u00edtica de galetes - Centro Nutrici\u00f3n Lia Granell<\/title>\n<meta name=\"robots\" content=\"index, follow, max-snippet:-1, max-image-preview:large, max-video-preview:-1\" \/>\n<link rel=\"canonical\" href=\"https:\/\/nutricionlia.com\/ca\/politica-de-galetes\/\" \/>\n<meta property=\"og:locale\" content=\"ca_ES\" \/>\n<meta property=\"og:type\" content=\"article\" \/>\n<meta property=\"og:title\" content=\"Pol\u00edtica de galetes - Centro Nutrici\u00f3n Lia Granell\" \/>\n<meta property=\"og:url\" content=\"https:\/\/nutricionlia.com\/ca\/politica-de-galetes\/\" \/>\n<meta property=\"og:site_name\" content=\"Centro Nutrici\u00f3n Lia Granell\" \/>\n<meta property=\"article:modified_time\" content=\"2025-09-12T21:25:46+00:00\" \/>\n<meta name=\"twitter:card\" content=\"summary_large_image\" \/>\n<!-- \/ Yoast SEO plugin. -->","yoast_head_json":{"title":"Pol\u00edtica de galetes - Centro Nutrici\u00f3n Lia Granell","robots":{"index":"index","follow":"follow","max-snippet":"max-snippet:-1","max-image-preview":"max-image-preview:large","max-video-preview":"max-video-preview:-1"},"canonical":"https:\/\/nutricionlia.com\/ca\/politica-de-galetes\/","og_locale":"ca_ES","og_type":"article","og_title":"Pol\u00edtica de galetes - Centro Nutrici\u00f3n Lia Granell","og_url":"https:\/\/nutricionlia.com\/ca\/politica-de-galetes\/","og_site_name":"Centro Nutrici\u00f3n Lia Granell","article_modified_time":"2025-09-12T21:25:46+00:00","twitter_card":"summary_large_image","schema":{"@context":"https:\/\/schema.org","@graph":[{"@type":"WebPage","@id":"https:\/\/nutricionlia.com\/ca\/politica-de-galetes\/","url":"https:\/\/nutricionlia.com\/ca\/politica-de-galetes\/","name":"Pol\u00edtica de galetes - Centro Nutrici\u00f3n Lia Granell","isPartOf":{"@id":"https:\/\/nutricionlia.com\/ca\/#website"},"datePublished":"2024-07-10T14:33:09+00:00","dateModified":"2025-09-12T21:25:46+00:00","breadcrumb":{"@id":"https:\/\/nutricionlia.com\/ca\/politica-de-galetes\/#breadcrumb"},"inLanguage":"ca","potentialAction":[{"@type":"ReadAction","target":["https:\/\/nutricionlia.com\/ca\/politica-de-galetes\/"]}]},{"@type":"BreadcrumbList","@id":"https:\/\/nutricionlia.com\/ca\/politica-de-galetes\/#breadcrumb","itemListElement":[{"@type":"ListItem","position":1,"name":"Portada","item":"https:\/\/nutricionlia.com\/ca\/"},{"@type":"ListItem","position":2,"name":"Pol\u00edtica de galetes"}]},{"@type":"WebSite","@id":"https:\/\/nutricionlia.com\/ca\/#website","url":"https:\/\/nutricionlia.com\/ca\/","name":"Centro Nutrici\u00f3n Lia Granell","description":"","publisher":{"@id":"https:\/\/nutricionlia.com\/ca\/#organization"},"potentialAction":[{"@type":"SearchAction","target":{"@type":"EntryPoint","urlTemplate":"https:\/\/nutricionlia.com\/ca\/?s={search_term_string}"},"query-input":{"@type":"PropertyValueSpecification","valueRequired":true,"valueName":"search_term_string"}}],"inLanguage":"ca"},{"@type":"Organization","@id":"https:\/\/nutricionlia.com\/ca\/#organization","name":"Centro Nutrici\u00f3n Lia Granell","url":"https:\/\/nutricionlia.com\/ca\/","logo":{"@type":"ImageObject","inLanguage":"ca","@id":"https:\/\/nutricionlia.com\/ca\/#\/schema\/logo\/image\/","url":"https:\/\/nutricionlia.com\/wp-content\/uploads\/2024\/07\/667e7de1522c2_Logotipo-sin-fondo.png","contentUrl":"https:\/\/nutricionlia.com\/wp-content\/uploads\/2024\/07\/667e7de1522c2_Logotipo-sin-fondo.png","width":1247,"height":561,"caption":"Centro Nutrici\u00f3n Lia Granell"},"image":{"@id":"https:\/\/nutricionlia.com\/ca\/#\/schema\/logo\/image\/"}}]}},"_links":{"self":[{"href":"https:\/\/nutricionlia.com\/ca\/wp-json\/wp\/v2\/pages\/360","targetHints":{"allow":["GET"]}}],"collection":[{"href":"https:\/\/nutricionlia.com\/ca\/wp-json\/wp\/v2\/pages"}],"about":[{"href":"https:\/\/nutricionlia.com\/ca\/wp-json\/wp\/v2\/types\/page"}],"replies":[{"embeddable":true,"href":"https:\/\/nutricionlia.com\/ca\/wp-json\/wp\/v2\/comments?post=360"}],"version-history":[{"count":2,"href":"https:\/\/nutricionlia.com\/ca\/wp-json\/wp\/v2\/pages\/360\/revisions"}],"predecessor-version":[{"id":1223,"href":"https:\/\/nutricionlia.com\/ca\/wp-json\/wp\/v2\/pages\/360\/revisions\/1223"}],"wp:attachment":[{"href":"https:\/\/nutricionlia.com\/ca\/wp-json\/wp\/v2\/media?parent=360"}],"curies":[{"name":"wp","href":"https:\/\/api.w.org\/{rel}","templated":true}]}}